{"id":807,"date":"2022-04-28T14:11:49","date_gmt":"2022-04-28T14:11:49","guid":{"rendered":"https:\/\/aksiltechnologies.com\/?page_id=807"},"modified":"2022-04-28T14:11:49","modified_gmt":"2022-04-28T14:11:49","slug":"conditions-dutilisation","status":"publish","type":"page","link":"https:\/\/aksiltechnologies.com\/?page_id=807","title":{"rendered":"Conditions d&rsquo;utilisation"},"content":{"rendered":"\n<p><strong>Pr\u00e9sentation<\/strong><\/p>\n\n\n\n<p>Les conditions d&rsquo;utilisation s&rsquo;appliquent au site et \u00e0 tous nos services, succursales et sites Internet qui se r\u00e9f\u00e8rent \u00e0 ces conditions g\u00e9n\u00e9rales de r\u00e9f\u00e9rence.<\/p>\n\n\n\n<p>Lors de sa visite sur le site, le client d\u00e9clare accepter les conditions g\u00e9n\u00e9rales en vigueur. Si vous ne l&rsquo;acceptez pas, vous ne devez pas utiliser notre site. Les exploitants du site se r\u00e9servent le droit de changer ou d&rsquo;amender des parties des conditions d&rsquo;utilisation et des dispositions, d&rsquo;y ajouter des informations ou de les supprimer \u00e0 tout moment. Les modifications prennent effet d\u00e8s leur mise en ligne sur le site sans pr\u00e9avis. Veuillez consulter les conditions d&rsquo;utilisation et les conditions r\u00e9guli\u00e8rement pour toute mise \u00e0 jour. Votre utilisation continue du site &#8211; apr\u00e8s la publication des modifications des pr\u00e9sentes conditions d&rsquo;utilisation &#8211; constitue votre pleine acceptation de ces modifications.<\/p>\n\n\n\n<p><strong>Utilisation du site<\/strong><\/p>\n\n\n\n<p>Pour visiter ce site, vous devez avoir au moins 18 ans ou visiter le site sous la surveillance d&rsquo;un parent ou d&rsquo;un tuteur l\u00e9gal.<\/p>\n\n\n\n<p>Nous vous accordons une licence non transf\u00e9rable ou r\u00e9vocable afin d&rsquo;utiliser le site conform\u00e9ment aux termes et conditions sp\u00e9cifiques. Le but de cette licence est de faire des achats d&rsquo;articles personnels vendus sur le site. L&rsquo;utilisation commerciale ou l&rsquo;utilisation au nom de tiers est interdite, sauf autorisation expresse et transparente de notre part. Toute violation de ces termes et conditions entra\u00eenera la r\u00e9vocation imm\u00e9diate de la licence accord\u00e9e dans ce paragraphe sans aucun pr\u00e9avis.<\/p>\n\n\n\n<p>Le contenu affich\u00e9 sur ce site est fourni \u00e0 titre informatif uniquement. Les explications des produits exprim\u00e9es sur ce site appartiennent aux vendeurs eux-m\u00eames et nous n&rsquo;avons rien \u00e0 voir avec eux. Les commentaires ou opinions exprim\u00e9s sur ce site sont dus \u00e0 l&rsquo;autorit\u00e9 qui les a publi\u00e9s et ne refl\u00e8tent donc pas nos opinions.<\/p>\n\n\n\n<p>Certains services et fonctionnalit\u00e9s connexes qui peuvent \u00eatre disponibles sur le site n\u00e9cessitent une inscription ou un abonnement. En choisissant de vous inscrire ou de vous abonner \u00e0 l&rsquo;un de ces services ou fonctionnalit\u00e9s connexes, vous acceptez de fournir des informations exactes et \u00e0 jour sur vous-m\u00eame et de les mettre \u00e0 jour en temps opportun en cas de modification. Il est de la responsabilit\u00e9 de chaque utilisateur du site &#8211; seul &#8211; de conserver les mots de passe et autres m\u00e9thodes pour d\u00e9terminer correctement le compte d&rsquo;utilisation. L&rsquo;enti\u00e8re responsabilit\u00e9 du titulaire du compte incombe \u00e0 toutes les activit\u00e9s qui se produisent \u00e0 l&rsquo;aide de son mot de passe. De plus, vous devez nous informer de toute utilisation non autoris\u00e9e de votre mot de passe ou de votre compte. Le site n&rsquo;est en aucun cas responsable, directement ou indirectement ou de quelque mani\u00e8re que ce soit, de toute perte ou dommage de quelque nature que ce soit qui pourrait r\u00e9sulter de votre non-respect ou li\u00e9 \u00e0 cette section.<\/p>\n\n\n\n<p>Lors du processus d&rsquo;inscription, le client s&rsquo;engage \u00e0 recevoir des courriels promotionnels du site. Vous pouvez, \u00e0 une date ult\u00e9rieure, annuler cette option et ne recevoir aucun e-mail promotionnel en cliquant sur le lien en bas de tout e-mail promotionnel.<\/p>\n\n\n\n<p><strong>Messages d&rsquo;utilisateur<\/strong><\/p>\n\n\n\n<p>Tous vos messages sur le site et \/ ou ce que vous nous fournissez, y compris &#8211; mais sans s&rsquo;y limiter, les questions, critiques, commentaires et suggestions (combin\u00e9s dans le terme \u00abmessages\u00bb) deviennent notre propri\u00e9t\u00e9 unique et exclusive et ne vous appartiennent en aucune fa\u00e7on. En plus des droits qui s&rsquo;appliquent \u00e0 tout type de poste, et une fois que vous partagez vos commentaires ou critiques sur le site, vous nous accordez \u00e9galement le droit d&rsquo;utiliser le nom que vous affichez qui est directement li\u00e9 \u00e0 ces critiques, commentaires ou tout autre contenu. Vous n&rsquo;\u00eates pas autoris\u00e9 \u00e0 utiliser une fausse adresse e-mail, \u00e0 pr\u00e9tendre que vous \u00eates une autre personne, ou \u00e0 essayer de nous induire en erreur ou de tromper tout tiers concernant l&rsquo;originalit\u00e9 et la fiabilit\u00e9 de l&rsquo;un des messages. Nous pouvons supprimer ou modifier l&rsquo;un des messages, mais nous ne sommes pas oblig\u00e9s de le faire.<\/p>\n\n\n\n<p><strong>Approuver les demandes et les d\u00e9tails des prix<\/strong><\/p>\n\n\n\n<p>Veuillez noter que dans certains cas, une demande peut ne pas \u00eatre approuv\u00e9e pour plusieurs raisons. Les op\u00e9rateurs du site se r\u00e9servent le droit de rejeter ou d&rsquo;annuler toute demande pour quelque raison que ce soit \u00e0 tout moment. Avant d&rsquo;accepter la demande, nous pouvons vous demander de fournir des informations suppl\u00e9mentaires ou d&rsquo;autres donn\u00e9es pour v\u00e9rifier quelque chose, y compris &#8211; mais sans s&rsquo;y limiter, le num\u00e9ro de t\u00e9l\u00e9phone et l&rsquo;adresse.<\/p>\n\n\n\n<p>Nous nous effor\u00e7ons de fournir les informations de prix les plus pr\u00e9cises \u00e0 tous les utilisateurs qui visitent le site. Cependant, des erreurs peuvent parfois survenir, comme dans les cas o\u00f9 le prix du produit n&rsquo;est pas correctement d\u00e9termin\u00e9 sur le site. Par cons\u00e9quent, nous nous r\u00e9servons le droit de rejeter ou d&rsquo;annuler toute demande. Dans le cas o\u00f9 le prix du produit n&rsquo;est pas d\u00e9termin\u00e9 correctement, nous avons le droit, \u00e0 notre seule discr\u00e9tion, de vous contacter pour obtenir des instructions ou d&rsquo;annuler votre commande et de vous informer de cette annulation. Nous avons le droit de refuser ou d&rsquo;annuler toute commande, confirm\u00e9e ou non, apr\u00e8s avoir ajout\u00e9 les frais \u00e0 la carte de cr\u00e9dit.<\/p>\n\n\n\n<p><strong>Marques et copyrights<\/strong><\/p>\n\n\n\n<p>Tous les droits de propri\u00e9t\u00e9 intellectuelle, qu&rsquo;ils soient enregistr\u00e9s ou non, sur le site, et toutes les informations et conceptions de contenu sur le site nous appartiennent, y compris, mais sans s&rsquo;y limiter, les textes, graphiques, programmes, images, vid\u00e9os, musique et son, leur choix et leur coordination, ainsi que Tous les principaux classificateurs de logiciels, codes source et programmes. Tous les contenus du site sont \u00e9galement prot\u00e9g\u00e9s par des droits d&rsquo;auteur combin\u00e9s sous la forme d&rsquo;une seule \u0153uvre. Tous droits r\u00e9serv\u00e9s.<\/p>\n\n\n\n<p><strong>&nbsp;La loi en vigueur et les organes judiciaires<\/strong><\/p>\n\n\n\n<p>Ces termes et conditions sont interpr\u00e9t\u00e9s et appliqu\u00e9s conform\u00e9ment aux lois en vigueur dans le pays. En cons\u00e9quence, chaque partie accepte de compara\u00eetre devant les instances judiciaires judiciaires du pays et renonce \u00e0 toute objection li\u00e9e au lieu.<\/p>\n\n\n\n<p><strong>R\u00e9voquer le consentement<\/strong><\/p>\n\n\n\n<p>En plus de toute disposition l\u00e9gale ou proc\u00e9dure de recours judiciaire, nous pouvons, imm\u00e9diatement et sans pr\u00e9avis, r\u00e9silier les pr\u00e9sentes conditions g\u00e9n\u00e9rales ou annuler tout ou partie de vos droits accord\u00e9s en vertu des termes et conditions. Dans tous les cas pour r\u00e9silier ce contrat, vous devez imm\u00e9diatement cesser de visiter et d&rsquo;utiliser le site, ainsi que d&rsquo;\u00e9mettre des dispositions l\u00e9gales ou des proc\u00e9dures judiciairement \u00e9quitables, nous pouvons imm\u00e9diatement annuler tous les mots de passe ou autres m\u00e9thodes d&rsquo;identification de compte qui vous sont accord\u00e9s, et nous refusons toute visite ou utilisation de ce site enti\u00e8rement ou Partiellement. Toute r\u00e9vocation de cet accord n&rsquo;affectera pas tous les droits et obligations (y compris, mais sans s&rsquo;y limiter, les obligations de paiement) des parties \u00e9mises avant la date de r\u00e9siliation du contrat. Par cons\u00e9quent, vous acceptez que le personnel du site n&rsquo;assume aucune responsabilit\u00e9 pour vous ou toute autre personne en raison de la suspension ou de la r\u00e9siliation du service. Si vous n&rsquo;\u00eates pas satisfait de ce site ou de l&rsquo;un des termes, conditions, r\u00e8gles, politiques, directives ou pratiques d&rsquo;un magasin dans la fa\u00e7on dont le magasin est g\u00e9r\u00e9, alors la seule action exclusive que vous devez prendre est alors d&rsquo;arr\u00eater d&rsquo;utiliser le site.<\/p>\n","protected":false},"excerpt":{"rendered":"<p>Pr\u00e9sentation Les conditions d&rsquo;utilisation s&rsquo;appliquent au site et \u00e0 tous nos services, succursales et sites Internet qui se r\u00e9f\u00e8rent \u00e0 ces conditions g\u00e9n\u00e9rales de r\u00e9f\u00e9rence. Lors de sa visite sur le site, le client d\u00e9clare accepter les conditions g\u00e9n\u00e9rales en vigueur. Si vous ne l&rsquo;acceptez pas, vous ne devez pas utiliser notre site. Les exploitants [&hellip;]<\/p>\n","protected":false},"author":1,"featured_media":0,"parent":0,"menu_order":0,"comment_status":"closed","ping_status":"closed","template":"","meta":{"footnotes":""},"class_list":["post-807","page","type-page","status-publish","hentry"],"blocksy_meta":{"styles_descriptor":{"styles":{"desktop":"","tablet":"","mobile":""},"google_fonts":[],"version":6}},"_links":{"self":[{"href":"https:\/\/aksiltechnologies.com\/index.php?rest_route=\/wp\/v2\/pages\/807","targetHints":{"allow":["GET"]}}],"collection":[{"href":"https:\/\/aksiltechnologies.com\/index.php?rest_route=\/wp\/v2\/pages"}],"about":[{"href":"https:\/\/aksiltechnologies.com\/index.php?rest_route=\/wp\/v2\/types\/page"}],"author":[{"embeddable":true,"href":"https:\/\/aksiltechnologies.com\/index.php?rest_route=\/wp\/v2\/users\/1"}],"replies":[{"embeddable":true,"href":"https:\/\/aksiltechnologies.com\/index.php?rest_route=%2Fwp%2Fv2%2Fcomments&post=807"}],"version-history":[{"count":1,"href":"https:\/\/aksiltechnologies.com\/index.php?rest_route=\/wp\/v2\/pages\/807\/revisions"}],"predecessor-version":[{"id":809,"href":"https:\/\/aksiltechnologies.com\/index.php?rest_route=\/wp\/v2\/pages\/807\/revisions\/809"}],"wp:attachment":[{"href":"https:\/\/aksiltechnologies.com\/index.php?rest_route=%2Fwp%2Fv2%2Fmedia&parent=807"}],"curies":[{"name":"wp","href":"https:\/\/api.w.org\/{rel}","templated":true}]}}