{"id":811,"date":"2022-04-28T14:25:18","date_gmt":"2022-04-28T14:25:18","guid":{"rendered":"https:\/\/aksiltechnologies.com\/?page_id=811"},"modified":"2022-04-28T14:25:18","modified_gmt":"2022-04-28T14:25:18","slug":"politique-de-confidentialite","status":"publish","type":"page","link":"https:\/\/aksiltechnologies.com\/?page_id=811","title":{"rendered":"<strong>Politique de confidentialit\u00e9<\/strong>"},"content":{"rendered":"\n<p>Notre site Web respecte votre vie priv\u00e9e et cherche \u00e0 prot\u00e9ger vos donn\u00e9es personnelles.<\/p>\n\n\n\n<p>La politique de confidentialit\u00e9 explique comment nous collectons et utilisons vos donn\u00e9es personnelles (dans certaines circonstances). N&rsquo;oubliez pas non plus les proc\u00e9dures utilis\u00e9es pour garantir la confidentialit\u00e9 de vos informations. Enfin, cette politique d\u00e9termine vos options concernant la collecte, l&rsquo;utilisation et la divulgation des donn\u00e9es personnelles. En visitant le site directement ou via un autre site Web, vous acceptez les pratiques d\u00e9crites dans cette politique.<\/p>\n\n\n\n<p>La protection de vos donn\u00e9es est tr\u00e8s importante pour nous. Par cons\u00e9quent, votre nom et d&rsquo;autres informations vous concernant sont utilis\u00e9s conform\u00e9ment aux termes indiqu\u00e9s dans la politique de confidentialit\u00e9. Nous collecterons des informations si n\u00e9cessaire ou si elles sont directement li\u00e9es \u00e0 nos relations avec vous.<\/p>\n\n\n\n<p>Nous conserverons vos donn\u00e9es conform\u00e9ment \u00e0 la loi ou les utiliserons aux fins pour lesquelles elles ont \u00e9t\u00e9 collect\u00e9es.<\/p>\n\n\n\n<p>Vous pouvez naviguer sur le site sans avoir \u00e0 fournir de donn\u00e9es personnelles. Votre identit\u00e9 personnelle reste anonyme tout au long de votre visite sur le site et n&rsquo;est pas expos\u00e9e \u00e0 moins que vous n&rsquo;ayez un compte en ligne sp\u00e9cial sur le site auquel vous acc\u00e9dez avec un nom d&rsquo;utilisateur et un mot de passe.<\/p>\n\n\n\n<p><strong>1- Les donn\u00e9es que nous collectons:<\/strong><\/p>\n\n\n\n<p>Nous pouvons \u00eatre amen\u00e9s \u00e0 collecter vos informations si vous souhaitez passer une commande d&rsquo;un bien sur notre site.<\/p>\n\n\n\n<p>Nous collectons, stockons et traitons vos donn\u00e9es n\u00e9cessaires pour poursuivre votre achat sur notre site afin de s\u00e9curiser les \u00e9ventuelles demandes qui pourraient survenir ult\u00e9rieurement, et pour vous fournir les services \u00e0 notre disposition. Nous pouvons collecter des informations personnelles, y compris, mais sans s&rsquo;y limiter, le nom, le sexe, la date de naissance, l&rsquo;adresse e-mail, l&rsquo;adresse postale, l&rsquo;adresse de livraison (si diff\u00e9rente), le num\u00e9ro de t\u00e9l\u00e9phone, les d\u00e9tails de paiement et les d\u00e9tails de la carte de paiement.<\/p>\n\n\n\n<p>Nous utilisons les informations que vous fournissez pour nous permettre de traiter vos demandes et pour vous fournir les services et informations affich\u00e9s sur notre site que vous demandez. De plus, nous utiliserons les informations que vous fournissez pour g\u00e9rer votre compte chez nous, pour v\u00e9rifier vos transactions financi\u00e8res sur Internet, pour auditer le t\u00e9l\u00e9chargement de donn\u00e9es depuis le site, identifier les visiteurs du site, d\u00e9velopper des conceptions et \/ ou du contenu de pages de site et les affecter aux utilisateurs. Nous effectuons de nombreuses recherches li\u00e9es \u00e0 la d\u00e9mographie et envoyons des informations utiles ou requises \u00e0 l&rsquo;utilisateur, par exemple des informations sur les produits et services, dans le cas o\u00f9 vous ne vous opposez pas \u00e0 vous contacter \u00e0 ce sujet. Nous communiquons par e-mail pour vous fournir des d\u00e9tails sur d&rsquo;autres produits et services si vous le souhaitez, et si vous pr\u00e9f\u00e9rez ne recevoir aucune communication promotionnelle et marketing, veuillez vous retirer de cette option \u00e0 tout moment.<\/p>\n\n\n\n<p>Nous pouvons donner votre nom et votre adresse \u00e0 un tiers afin de vous remettre votre bon de commande (par exemple, agent de livraison ou fournisseur).<\/p>\n\n\n\n<p>Nous pouvons \u00eatre en mesure de stocker des d\u00e9tails sur votre commande actuelle sur notre site, mais nous ne pouvons pas la r\u00e9cup\u00e9rer directement pour des raisons de s\u00e9curit\u00e9. En vous connectant \u00e0 votre compte sur le site, vous pouvez consulter les informations et les d\u00e9tails de vos achats que vous avez demand\u00e9s ou que vous soumettrez prochainement. Vous pouvez \u00e9galement g\u00e9rer les d\u00e9tails de votre adresse. Vous devez \u00e9galement vous engager \u00e0 respecter une confidentialit\u00e9 totale lors de l&rsquo;acc\u00e8s \u00e0 vos donn\u00e9es personnelles, ne les mettez donc pas \u00e0 la disposition d&rsquo;un tiers non autoris\u00e9. Nous n&rsquo;assumons aucune responsabilit\u00e9 pour l&rsquo;utilisation abusive des mots de passe, sauf si cette utilisation abusive est caus\u00e9e par une erreur de notre part.<\/p>\n\n\n\n<p><strong>Autres utilisations de vos informations personnelles<\/strong><\/p>\n\n\n\n<p>Nous pouvons utiliser vos informations personnelles dans les sondages d&rsquo;opinion et les \u00e9tudes marketing, \u00e0 votre discr\u00e9tion, \u00e0 des fins statistiques tout en garantissant leur totale confidentialit\u00e9, et vous avez le droit de les retirer \u00e0 tout moment. Nous n&rsquo;envoyons aucune r\u00e9ponse \u00e0 des tiers. Votre adresse e-mail n&rsquo;est divulgu\u00e9e que si vous souhaitez participer au concours. Nous gardons les r\u00e9ponses aux sondages compl\u00e8tement s\u00e9par\u00e9es de votre e-mail priv\u00e9.<\/p>\n\n\n\n<p>Nous pouvons envoyer des informations sur nous, ou sur le site ou nos autres sites, ou sur nos produits, ventes, offres, ventes, bulletins et autres choses li\u00e9es aux soci\u00e9t\u00e9s affili\u00e9es \u00e0 notre groupe ou \u00e0 nos partenaires. Si vous ne souhaitez pas obtenir ces informations suppl\u00e9mentaires (ou une partie de celles-ci), veuillez cliquer sur le lien \u00abse d\u00e9sinscrire\u00bb dans tout e-mail qui vous sera envoy\u00e9, et nous cesserons de vous envoyer ces informations dans les sept jours ouvrables (tous les jours sauf les jours Samedi, dimanche et jours f\u00e9ri\u00e9s nationaux et religieux) de recevoir votre notification. Nous vous contacterons pour vous renseigner sur les informations alors qu&rsquo;elles ne sont pas claires.<\/p>\n\n\n\n<p>Nous pouvons utiliser certaines donn\u00e9es, tout en pr\u00e9servant la vie priv\u00e9e et la confidentialit\u00e9 du site, \u00e0 d&rsquo;autres fins, y compris pour v\u00e9rifier o\u00f9 se trouvent les utilisateurs et apr\u00e8s leur visite sur le site ou les liens dans le courrier \u00e9lectronique pendant qu&rsquo;ils s&rsquo;abonnent pour le recevoir, et pour fournir ces donn\u00e9es anonymes, qui ne permettent pas l&rsquo;identification de votre identit\u00e9 personnelle. R\u00e9el, \u00e0 un tiers, par exemple, des \u00e9diteurs. Cependant, ces donn\u00e9es ne vous identifieront pas (car elles ne sont pas personnellement identifiables).<\/p>\n\n\n\n<p><strong>Comp\u00e9titions<\/strong><\/p>\n\n\n\n<p>Dans le cadre de toute comp\u00e9tition, nous utilisons les donn\u00e9es pour informer les gagnants et annoncer nos offres. Vous pouvez trouver plus de d\u00e9tails sur les conditions de participation \u00e0 chaque comp\u00e9tition s\u00e9par\u00e9ment.<\/p>\n\n\n\n<p><strong>Tiers et liens vers des sites Web<\/strong><\/p>\n\n\n\n<p>Nous pouvons transf\u00e9rer vos informations \u00e0 d&rsquo;autres soci\u00e9t\u00e9s de notre groupe ou \u00e0 nos agents et sous-traitants pour nous aider dans les transactions connexes conform\u00e9ment aux termes de cette politique de confidentialit\u00e9. Par exemple, nous pouvons nous tourner vers un tiers pour nous aider \u00e0 vous livrer des produits, \u00e0 recevoir des paiements de votre part et \u00e0 les utiliser \u00e0 des fins de statistiques ou de recherche marketing ou pour aider notre \u00e9quipe de service client. Nous pouvons avoir besoin d&rsquo;\u00e9changer des informations avec un tiers afin de nous prot\u00e9ger contre la fraude et de r\u00e9duire le risque de cr\u00e9dit. Dans le cas o\u00f9 notre entreprise ou une partie de celle-ci est vendue, nous pouvons \u00eatre amen\u00e9s \u00e0 transf\u00e9rer nos bases de donn\u00e9es qui contiennent vos informations personnelles. En dehors de ce qui est indiqu\u00e9 dans la pr\u00e9sente politique de confidentialit\u00e9, nous ne vendrons pas vos donn\u00e9es personnelles ni ne les divulguerons \u00e0 un tiers sans obtenir votre approbation pr\u00e9alable, sauf si cela est n\u00e9cessaire aux fins stipul\u00e9es dans la pr\u00e9sente politique de confidentialit\u00e9, ou si nous sommes tenus de le faire par la loi. Le site peut contenir des publicit\u00e9s de tiers ou des liens vers d&rsquo;autres sites Web ou cadres d&rsquo;autres sites. Nous vous informons que nous ne sommes pas responsables de la politique de confidentialit\u00e9 d&rsquo;un tiers ou du contenu de ces politiques appliqu\u00e9es dans d&rsquo;autres sites, ainsi que nous ne sommes pas responsables des tiers auxquels nous transf\u00e9rons vos donn\u00e9es conform\u00e9ment \u00e0 la politique de confidentialit\u00e9.<\/p>\n\n\n\n<p><strong>2 &#8211; COOKIES<\/strong><\/p>\n\n\n\n<p>L&rsquo;acceptation des cookies n&rsquo;est pas une condition pr\u00e9alable \u00e0 la visite du site. Cependant, nous constatons que les fonctions \u00ab\u00a0panier\u00a0\u00bb du site ne peuvent \u00eatre utilis\u00e9es et demand\u00e9es \u00e0 quelque fin que ce soit sans l&rsquo;activation des cookies. Les cookies sont de petits fichiers texte qui permettent \u00e0 notre serveur d&rsquo;identifier votre ordinateur en tant qu&rsquo;utilisateur unique lors de la visite de certaines pages du site. Votre navigateur stocke ces fichiers sur le disque dur de votre ordinateur. Les cookies peuvent \u00eatre utilis\u00e9s pour d\u00e9couvrir une adresse IP (Internet Protocol), vous faisant gagner du temps lorsque vous \u00eates sur le site ou souhaitez le visiter. Nous utilisons des cookies pour assurer votre confort lors de la navigation sur ce site (par exemple, m\u00e9moriser votre identit\u00e9 lorsque vous souhaitez modifier votre panier sans avoir \u00e0 ressaisir votre adresse e-mail) et ne pas obtenir ou utiliser d&rsquo;autres informations vous concernant (par exemple \u00e0 des fins de marketing cibl\u00e9). Vous pouvez configurer votre navigateur pour qu&rsquo;il n&rsquo;accepte pas les cookies, mais cela limitera votre utilisation du site. Nous esp\u00e9rons que vous vous assurez que notre utilisation des cookies ne contient aucune information personnelle ou priv\u00e9e et est exempte de virus.Ce site Web utilise Google Analytics, un service fourni par Google pour analyser les pages Web. Pour analyser la fa\u00e7on dont les utilisateurs utilisent le site, Google Analytics est bas\u00e9 sur des cookies, qui sont des fichiers texte plac\u00e9s sur votre ordinateur. Google transf\u00e9rera les informations g\u00e9n\u00e9r\u00e9es par les cookies sur votre utilisation de ce site Web (y compris votre adresse IP) vers des serveurs aux \u00c9tats-Unis o\u00f9 elles seront stock\u00e9es. Google utilisera ces informations pour \u00e9valuer votre utilisation du site, pr\u00e9parer des rapports pour les op\u00e9rateurs du site Web sur son activit\u00e9 et fournir d&rsquo;autres services li\u00e9s \u00e0 l&rsquo;activit\u00e9 du site Web et \u00e0 l&rsquo;utilisation d&rsquo;Internet. Google peut \u00e9galement transf\u00e9rer ces informations \u00e0 un tiers dans le cas o\u00f9 la loi l&rsquo;exige ou si un tiers traite les informations pour le compte de Google. Google n&rsquo;associera pas votre adresse IP aux autres donn\u00e9es qu&rsquo;il conserve. Vous pouvez refuser d&rsquo;utiliser des cookies en s\u00e9lectionnant les param\u00e8tres appropri\u00e9s sur votre navigateur, mais n&rsquo;oubliez pas que vous ne pourrez pas profiter de toutes les fonctionnalit\u00e9s du site. En utilisant ce site, vous acceptez que Google utilise vos donn\u00e9es comme d\u00e9crit et aux fins d\u00e9crites ci-dessus.<\/p>\n\n\n\n<p><strong>3- S\u00e9curit\u00e9<\/strong><\/p>\n\n\n\n<p>Nous utilisons des techniques et proc\u00e9dures de s\u00e9curit\u00e9 appropri\u00e9es pour emp\u00eacher tout acc\u00e8s non autoris\u00e9 ou ill\u00e9gal \u00e0 vos informations ou leur perte ou destruction. Lorsque nous collectons des donn\u00e9es via le site Web, nous stockons vos informations personnelles dans une base de donn\u00e9es au sein d&rsquo;un serveur en ligne s\u00e9curis\u00e9. Nous utilisons des syst\u00e8mes de pare-feu sur nos serveurs. Lorsque nous collectons des informations de carte de paiement par voie \u00e9lectronique, nous les prot\u00e9geons en utilisant un cryptage, tel que Secure Sockets Layer (SSL). Il est donc difficile pour tout pirate de d\u00e9crypter vos informations, car nous ne pouvons garantir une protection \u00e0 100%. Nous vous d\u00e9conseillons fortement d&rsquo;envoyer tous les d\u00e9tails de votre carte de cr\u00e9dit ou de d\u00e9bit lorsque vous communiquez avec nous par voie \u00e9lectronique et sans cryptage. Nous mettons en place des garanties physiques, \u00e9lectroniques et proc\u00e9durales directes sur le processus de collecte, de stockage et de divulgation de vos informations. Nos proc\u00e9dures de s\u00e9curit\u00e9 exigent que nous vous demandions parfois de v\u00e9rifier votre identit\u00e9 avant de vous divulguer vos informations personnelles. Il est de votre responsabilit\u00e9 de prot\u00e9ger votre mot de passe et votre ordinateur contre toute utilisation non autoris\u00e9e.<\/p>\n\n\n\n<p><strong>4 &#8211; Droits du client<\/strong><\/p>\n\n\n\n<p>Dans le cas o\u00f9 vous \u00eates pr\u00e9occup\u00e9 par vos donn\u00e9es, vous avez le droit de demander l&rsquo;acc\u00e8s aux donn\u00e9es personnelles que nous d\u00e9tenons \u00e0 votre sujet ou qui nous ont \u00e9t\u00e9 pr\u00e9c\u00e9demment transmises. Vous avez le droit de nous demander de corriger toute erreur dans vos donn\u00e9es personnelles, et cela se fait gratuitement. Vous avez \u00e9galement le droit de nous demander, \u00e0 tout moment, de cesser d&rsquo;utiliser vos donn\u00e9es personnelles \u00e0 des fins de marketing direct.<\/p>\n","protected":false},"excerpt":{"rendered":"<p>Notre site Web respecte votre vie priv\u00e9e et cherche \u00e0 prot\u00e9ger vos donn\u00e9es personnelles. La politique de confidentialit\u00e9 explique comment nous collectons et utilisons vos donn\u00e9es personnelles (dans certaines circonstances). N&rsquo;oubliez pas non plus les proc\u00e9dures utilis\u00e9es pour garantir la confidentialit\u00e9 de vos informations. Enfin, cette politique d\u00e9termine vos options concernant la collecte, l&rsquo;utilisation et [&hellip;]<\/p>\n","protected":false},"author":1,"featured_media":0,"parent":0,"menu_order":0,"comment_status":"closed","ping_status":"closed","template":"","meta":{"footnotes":""},"class_list":["post-811","page","type-page","status-publish","hentry"],"blocksy_meta":{"styles_descriptor":{"styles":{"desktop":"","tablet":"","mobile":""},"google_fonts":[],"version":6}},"_links":{"self":[{"href":"https:\/\/aksiltechnologies.com\/index.php?rest_route=\/wp\/v2\/pages\/811","targetHints":{"allow":["GET"]}}],"collection":[{"href":"https:\/\/aksiltechnologies.com\/index.php?rest_route=\/wp\/v2\/pages"}],"about":[{"href":"https:\/\/aksiltechnologies.com\/index.php?rest_route=\/wp\/v2\/types\/page"}],"author":[{"embeddable":true,"href":"https:\/\/aksiltechnologies.com\/index.php?rest_route=\/wp\/v2\/users\/1"}],"replies":[{"embeddable":true,"href":"https:\/\/aksiltechnologies.com\/index.php?rest_route=%2Fwp%2Fv2%2Fcomments&post=811"}],"version-history":[{"count":1,"href":"https:\/\/aksiltechnologies.com\/index.php?rest_route=\/wp\/v2\/pages\/811\/revisions"}],"predecessor-version":[{"id":812,"href":"https:\/\/aksiltechnologies.com\/index.php?rest_route=\/wp\/v2\/pages\/811\/revisions\/812"}],"wp:attachment":[{"href":"https:\/\/aksiltechnologies.com\/index.php?rest_route=%2Fwp%2Fv2%2Fmedia&parent=811"}],"curies":[{"name":"wp","href":"https:\/\/api.w.org\/{rel}","templated":true}]}}